{"id":8439,"date":"2024-06-20T11:04:24","date_gmt":"2024-06-20T09:04:24","guid":{"rendered":"https:\/\/international.unicollegessml.it\/?page_id=8439"},"modified":"2025-12-11T12:49:25","modified_gmt":"2025-12-11T11:49:25","slug":"programma-columbus-usa-canada","status":"publish","type":"page","link":"https:\/\/international.unicollegessml.it\/it\/programma-columbus-usa-canada\/","title":{"rendered":"Programma Columbus: USA e CANADA"},"content":{"rendered":"","protected":false},"excerpt":{"rendered":"","protected":false},"author":2,"featured_media":0,"parent":0,"menu_order":0,"comment_status":"closed","ping_status":"closed","template":"","meta":{"_acf_changed":false},"class_list":["post-8439","page","type-page","status-publish","hentry"],"acf":{"blocchi":[{"acf_fc_layout":"testata","titolo":"Programma Columbus","sottotitolo":"USA e Canada","submenu":[{"pagina":814,"sotto_pagine":null},{"pagina":85,"sotto_pagine":null}]},{"acf_fc_layout":"slider","titolo":"","sliders":[{"immagine":8370,"titoletto":"","titolo":"","testo":"<strong>Studia nel mondo, vivi l'esperienza americana con Unicollege.<\/strong>","link_text":"","link_link":"","custom_link_bottone":"","background":"BLU","posizione_immagine":"image-left","allineamento_immagine":"Su","dimensione":"1-2"}]},{"acf_fc_layout":"paragrafo_in_evidenza","titoletto":"","testo":"<span style=\"font-weight: 400;\">Unicollege ha attivi <\/span><b>oltre quaranta\u00a0 accordi interistituzionali <\/b><span style=\"font-weight: 400;\">con universit\u00e0 negli <\/span><b>Stati Uniti e in Canada<\/b><span style=\"font-weight: 400;\">, nonch\u00e9 con universit\u00e0 americane situate in sedi strategiche nel mondo, come i campus-satellite in Libano e Marocco, o la New York University con sede a Firenze.<\/span><span style=\"font-weight: 400;\">\r\n<\/span><span style=\"font-weight: 400;\">Una rete accademica di ampio respiro, costruita per offrirti un accesso diretto e privilegiato in contesti universitari di eccellenza.<\/span>\r\n\r\n<span style=\"font-weight: 400;\">Il <\/span><b>Programma Columbus<\/b><span style=\"font-weight: 400;\"> apre la strada a un\u2019esperienza accademica autenticamente internazionale. Potrai trascorrere <\/span><b>un semestre o un intero anno accademico<\/b><span style=\"font-weight: 400;\"> presso un\u2019universit\u00e0 partner negli <\/span><b>Stati Uniti, in Canada<\/b><span style=\"font-weight: 400;\"> o in uno dei centri accademici strategici nel mondo.<\/span><span style=\"font-weight: 400;\">\r\n<\/span><span style=\"font-weight: 400;\">\u00c8 un programma<\/span> <span style=\"font-weight: 400;\">esclusivo, riservato <\/span><b>per te<\/b> <b>che sei studente Unicollege<\/b><span style=\"font-weight: 400;\">, che ti consente di studiare in campus di grande prestigio situati nel cuore di <\/span><b>Manhattan<\/b><span style=\"font-weight: 400;\">, tra i colli di <\/span><b>San Francisco<\/b><span style=\"font-weight: 400;\">, fino alle coste soleggiate della<\/span><b> Florida<\/b><span style=\"font-weight: 400;\">.<\/span>","togli_margine_sotto":""},{"acf_fc_layout":"slider","titolo":"","sliders":[{"immagine":8364,"titoletto":"","titolo":"","testo":"","link_text":"","link_link":"","custom_link_bottone":"","background":"BLU","posizione_immagine":"image-left","allineamento_immagine":"Centro","dimensione":"1-1"},{"immagine":8360,"titoletto":"","titolo":"","testo":"","link_text":"","link_link":"","custom_link_bottone":"","background":"BLU","posizione_immagine":"image-left","allineamento_immagine":"Centro","dimensione":"1-1"},{"immagine":8392,"titoletto":"","titolo":"","testo":"","link_text":"","link_link":"","custom_link_bottone":"","background":"BLU","posizione_immagine":"image-left","allineamento_immagine":"Centro","dimensione":"1-1"},{"immagine":8366,"titoletto":"","titolo":"","testo":"","link_text":"","link_link":"","custom_link_bottone":"","background":"BLU","posizione_immagine":"image-left","allineamento_immagine":"Centro","dimensione":"1-1"},{"immagine":8376,"titoletto":"","titolo":"","testo":"","link_text":"","link_link":"","custom_link_bottone":"","background":"BLU","posizione_immagine":"image-left","allineamento_immagine":"Centro","dimensione":"1-1"}]},{"acf_fc_layout":"testo","titolo_sezione":"","blocco_testo":[{"immagine":"","titolo":"Perch\u00e8 scegliere il Programma Columbus di Unicollege:","testo":"<span style=\"font-weight: 400;\">Partecipando al <\/span><b>Programma Columbus<\/b><span style=\"font-weight: 400;\">\u00a0 costruisci <\/span><b>un profilo accademico internazionale<\/b><span style=\"font-weight: 400;\">, arricchisci il tuo curriculum con un\u2019esperienza formativa riconosciuta globalmente, e acquisisci competenze linguistiche, interculturali e professionali che fanno la differenza.<\/span>\r\n<ul>\r\n \t<li><span style=\"font-weight: 400;\">Un programma esclusivo, pensato solo te, studente Unicollege, e unico nel panorama universitario italiano;<\/span><\/li>\r\n \t<li><span style=\"font-weight: 400;\">L\u2019opportunit\u00e0 di vivere un semestre o un anno accademico negli Stati Uniti, in Canada o in altre destinazioni internazionali di prestigio;<\/span><\/li>\r\n \t<li><span style=\"font-weight: 400;\">Un percorso seguito passo dopo passo, con il supporto costante di Unicollege in ogni fase, dalla candidatura al rientro;<\/span><\/li>\r\n \t<li><span style=\"font-weight: 400;\">Un\u2019esperienza accessibile, perch\u00e9 grazie agli accordi bilaterali le elevate rette delle universit\u00e0 americane sono gi\u00e0 comprese nella retta Unicollege, con solo una quota di partecipazione ridotta;<\/span><\/li>\r\n \t<li><span style=\"font-weight: 400;\">La certezza del pieno riconoscimento degli esami e dei crediti conseguiti all\u2019estero;<\/span><\/li>\r\n \t<li><span style=\"font-weight: 400;\">Un\u2019occasione per crescere come persona e come professionista, arricchendo il tuo profilo con competenze linguistiche, culturali e una visione globale del mondo.<\/span><\/li>\r\n<\/ul>\r\n<span style=\"font-weight: 400;\">Lo studente Unicollege che rientra dal Programma Columbus porta con s\u00e9 qualcosa di pi\u00f9 di un titolo: <\/span><b>una prospettiva nuova<\/b><span style=\"font-weight: 400;\">, una <\/span><b>mentalit\u00e0 internazionale<\/b><span style=\"font-weight: 400;\"> e la consapevolezza di essere <\/span><b>ambasciatore del dialogo e della cultura nel mondo<\/b><span style=\"font-weight: 400;\">.<\/span>","lanci":null}],"background":"GIALLO","togli_margine_sotto":["Si"]},{"acf_fc_layout":"testo","titolo_sezione":"","blocco_testo":[{"immagine":"","titolo":"Pronto a partire?","testo":"<p style=\"text-align: left;\">Richiedi informazioni, il regolamento, la lista di universit\u00e0 partner e il modulo di iscrizione mediante il tuo indirizzo email Unicollege (@unicollegessml.it) a <a href=\"mailto:exchange@unicollegessml.it\">columbus@unicollegessml.it<\/a><\/p>\r\nSii il prossimo ambasciatore Unicollege nel mondo!","lanci":null}],"background":"GIALLO","togli_margine_sotto":""},{"acf_fc_layout":"testo","titolo_sezione":"","blocco_testo":[{"immagine":9808,"titolo":"","testo":"","lanci":null},{"immagine":"","titolo":"Beatrice Vimercati","testo":"<div><strong>Columbus Student presso un\u2019universit\u00e0 statunitense, New Jersey \u2013 USA<\/strong><\/div>\r\n&nbsp;\r\n\r\n\u201cStudiare nel New Jersey come studentessa exchange \u00e8 un\u2019esperienza straordinaria. Amo essere in contatto con la cultura americana e scoprirne ogni aspetto, dalle tradizioni quotidiane allo stile di vita universitario. Inoltre, l\u2019ambiente internazionale \u00e8 incredibile: ci sono tanti studenti provenienti da tutto il mondo, il che rende ogni giorno un\u2019opportunit\u00e0 per confrontarsi con diverse culture e creare amicizie uniche. \u00c8 un\u2019esperienza che consiglio a chiunque voglia crescere sia a livello personale che accademico!\u201d","lanci":null}],"background":"BIANCO","togli_margine_sotto":["Si"]}]},"_links":{"self":[{"href":"https:\/\/international.unicollegessml.it\/it\/wp-json\/wp\/v2\/pages\/8439","targetHints":{"allow":["GET"]}}],"collection":[{"href":"https:\/\/international.unicollegessml.it\/it\/wp-json\/wp\/v2\/pages"}],"about":[{"href":"https:\/\/international.unicollegessml.it\/it\/wp-json\/wp\/v2\/types\/page"}],"author":[{"embeddable":true,"href":"https:\/\/international.unicollegessml.it\/it\/wp-json\/wp\/v2\/users\/2"}],"replies":[{"embeddable":true,"href":"https:\/\/international.unicollegessml.it\/it\/wp-json\/wp\/v2\/comments?post=8439"}],"version-history":[{"count":22,"href":"https:\/\/international.unicollegessml.it\/it\/wp-json\/wp\/v2\/pages\/8439\/revisions"}],"predecessor-version":[{"id":11025,"href":"https:\/\/international.unicollegessml.it\/it\/wp-json\/wp\/v2\/pages\/8439\/revisions\/11025"}],"wp:attachment":[{"href":"https:\/\/international.unicollegessml.it\/it\/wp-json\/wp\/v2\/media?parent=8439"}],"curies":[{"name":"wp","href":"https:\/\/api.w.org\/{rel}","templated":true}]}}