{"id":285,"date":"2020-10-28T17:36:37","date_gmt":"2020-10-28T16:36:37","guid":{"rendered":"https:\/\/international.unicollegessml.it\/?page_id=285"},"modified":"2024-10-03T16:49:56","modified_gmt":"2024-10-03T14:49:56","slug":"il-tirocinio-di-unicollege","status":"publish","type":"page","link":"https:\/\/international.unicollegessml.it\/it\/orientamento\/post-graduate\/il-tirocinio-di-unicollege\/","title":{"rendered":"Il tirocinio di Unicollege"},"content":{"rendered":"","protected":false},"excerpt":{"rendered":"","protected":false},"author":2,"featured_media":0,"parent":477,"menu_order":0,"comment_status":"closed","ping_status":"closed","template":"","meta":{"_acf_changed":false},"class_list":["post-285","page","type-page","status-publish","hentry"],"acf":{"blocchi":[{"acf_fc_layout":"immagine","immagine":7942,"allineamento_immagine":"Centro","dimensione":"grande"},{"acf_fc_layout":"testata","titolo":"Il tirocinio di Unicollege","sottotitolo":"Facile, semplice e veloce!","submenu":[{"pagina":278,"sotto_pagine":null},{"pagina":477,"sotto_pagine":null},{"pagina":361,"sotto_pagine":null}]},{"acf_fc_layout":"paragrafo_in_evidenza","titoletto":"","testo":"Il tirocinio \u00e8 parte integrante del tuo piano di studi in Unicollege e la sua attivazione \u00e8 una procedura molto semplice e veloce.","togli_margine_sotto":""},{"acf_fc_layout":"stripe_piccolo","image":"","testo":"Tirocinio Curriculare - Obbligatorio","link_text":"","link_link":"","link_custom":"","background":"BLU","togli_margine_sotto":""},{"acf_fc_layout":"testo","titolo_sezione":"","blocco_testo":[{"immagine":"","titolo":"","testo":"Puoi svolgere il tuo tirocinio a scelta nel tuo 2\u00b0 o 3\u00b0 anno di studi per una durata di 150 ore.\r\n\r\nNella scelta dell\u2019azienda o ente nel quale svolgere il tirocinio sarai guidato dal servizio di consulenza di Unicollege preposto a tale scopo che ti indicher\u00e0 e selezioner\u00e0 le imprese pi\u00f9 consone e coerenti con il tuo percorso di studi.\r\n\r\nIl servizio di consulenza inoltre, si occuper\u00e0 anche di tutti gli aspetti burocratici necessari per attivare concretamente il tirocinio.\r\n\r\n&nbsp;\r\n\r\nPer richiedere informazioni o fissare un appuntamento con il consulente dei tirocini \u00e8 necessario scrivere alla seguente mail:\r\n\r\nSede di Firenze:\u00a0<a href=\"mailto:stage.placement.fi@unicollegessml.it\"><strong>stage.placement.fi@unicollegessml.it<\/strong><\/a>\r\n\r\nSede di Mantova:\u00a0<a href=\"mailto:stage.placement.mn@unicollegessml.it\"><strong>stage.placement.mn@unicollegessml.it<\/strong><\/a>\r\n\r\nSede di Torino:<a href=\"mailto:stage.placement.to@unicollegessml.it\"><strong> stage.placement.to@unicollegessml.it<\/strong><\/a>\r\n\r\nPer attivare un tirocinio hai a disposizione due possibilit\u00e0:\r\n<ul>\r\n \t<li>Svolgere il tirocinio presso un\u2019<strong>azienda partner<\/strong>\u00a0di Unicollege<\/li>\r\n \t<li>Richiedere l\u2019attivazione di un tirocinio presso un\u2019azienda non ancora convenzionata<\/li>\r\n<\/ul>\r\nNel primo caso, per attivare il tirocinio \u00e8 sufficiente la compilazione da parte dell\u2019Ufficio Tirocini e dell\u2019azienda del Progetto Formativo rilasciato dall\u2019Universit\u00e0.\r\n\r\nNel caso in cui tu intenda svolgere l\u2019attivit\u00e0 presso una realt\u00e0 non ancora convenzionata con Unicollege, per attivare il tirocinio \u00e8 necessario che l\u2019ente o l\u2019azienda sottoscriva con Unicollege un\u2019apposita\u00a0<strong>Convenzione<\/strong>.","lanci":[{"link_text":"Contatta la segreteria della sede di Firenze","link_link":2005},{"link_text":"Contatta la segreteria della sede di Mantova","link_link":2011},{"link_text":"Contatta la segreteria della sede di Torino","link_link":5747}]}],"background":"BIANCO","togli_margine_sotto":""},{"acf_fc_layout":"stripe_piccolo","image":"","testo":"<b>Tirocinio curricolare entro 12 mesi dalla laurea - facoltativo<\/b>","link_text":"","link_link":"","link_custom":"","background":"ROSSO","togli_margine_sotto":""},{"acf_fc_layout":"testo","titolo_sezione":"","blocco_testo":[{"immagine":"","titolo":"","testo":"<span style=\"font-weight: 400;\">Il tirocinio facoltativo deve essere attivato entro 12 mesi dalla laurea e si pone l\u2019obiettivo prioritario di inserirti all\u2019interno di una realt\u00e0 lavorativa. Questo tipo di tirocinio \u00e8 retribuito con compensi che variano in base alla regione nella quale\u00a0 viene svolto il tirocinio.<\/span>\r\n\r\n<span style=\"font-weight: 400;\">Per richiedere informazioni o fissare un appuntamento con il consulente dei tirocini scrivi alla seguente mail:<\/span>\r\n\r\n<span style=\"font-weight: 400;\">Sede di Firenze:\u00a0<\/span><a href=\"mailto:stage.placement.fi@unicollegessml.it\"><b>stage.placement.fi@unicollegessml.it<\/b><\/a>\r\n\r\n<span style=\"font-weight: 400;\">Sede di Mantova:\u00a0<\/span><a href=\"mailto:stage.placement.mn@unicollegessml.it\"><b>stage.placement.mn@unicollegessml.it<\/b><\/a>\r\n\r\n<span style=\"font-weight: 400;\">Sede di Torino:<\/span> <a href=\"mailto:stage.placement.to@unicollegessml.it\"><b>stage.placement.to@unicollegessml.it<\/b><\/a>","lanci":null}],"background":"BIANCO","togli_margine_sotto":""},{"acf_fc_layout":"stripe","testo":"<strong>Regione Toscana<\/strong>","background":"AZZURRO","togli_margine_sotto":""},{"acf_fc_layout":"testo","titolo_sezione":"","blocco_testo":[{"immagine":"","titolo":"","testo":"<span style=\"font-weight: 400;\">Nella Regione Toscana sono previsti tirocini retribuiti con un compenso massimo di 500 euro al mese, di cui 300 euro rimborsati dalla Regione.<\/span>\r\n\r\n<span style=\"font-weight: 400;\">Anche per quanto riguarda questo tipo di tirocinio \u00e8 possibile:<\/span>\r\n<ul>\r\n \t<li style=\"font-weight: 400;\" aria-level=\"1\"><span style=\"font-weight: 400;\">Svolgere il tirocinio presso un\u2019<\/span><b>azienda partner<\/b><span style=\"font-weight: 400;\">\u00a0di Unicollege<\/span><\/li>\r\n<\/ul>\r\n<span style=\"font-weight: 400;\">Richiedere l\u2019attivazione di un tirocinio presso un\u2019azienda non ancora convenzionata sottoscrivendo con Unicollege un\u2019apposita\u00a0<\/span><b>Convenzione<\/b>","lanci":null}],"background":"BIANCO","togli_margine_sotto":""},{"acf_fc_layout":"stripe","testo":"<strong>Regione Lombardia<\/strong>","background":"GIALLO","togli_margine_sotto":""},{"acf_fc_layout":"testo","titolo_sezione":"","blocco_testo":[{"immagine":"","titolo":"","testo":"<span style=\"font-weight: 400;\">Nella Regione Lombardia sono previsti tirocini retribuiti con un compenso massimo di 400 euro al mese.<\/span>\r\n\r\n<span style=\"font-weight: 400;\">Anche per quanto riguarda questo tipo di tirocinio \u00e8 possibile:<\/span>\r\n<ul>\r\n \t<li style=\"font-weight: 400;\" aria-level=\"1\"><span style=\"font-weight: 400;\">Svolgere il tirocinio presso un\u2019<\/span><b>azienda partner<\/b><span style=\"font-weight: 400;\">\u00a0di Unicollege<\/span><\/li>\r\n \t<li style=\"font-weight: 400;\" aria-level=\"1\"><span style=\"font-weight: 400;\">Richiedere l\u2019attivazione di un tirocinio presso un\u2019azienda non ancora convenzionata sottoscrivendo con Unicollege un\u2019apposita\u00a0<\/span><b>Convenzione<\/b><\/li>\r\n<\/ul>","lanci":null}],"background":"BLU","togli_margine_sotto":""}]},"_links":{"self":[{"href":"https:\/\/international.unicollegessml.it\/it\/wp-json\/wp\/v2\/pages\/285","targetHints":{"allow":["GET"]}}],"collection":[{"href":"https:\/\/international.unicollegessml.it\/it\/wp-json\/wp\/v2\/pages"}],"about":[{"href":"https:\/\/international.unicollegessml.it\/it\/wp-json\/wp\/v2\/types\/page"}],"author":[{"embeddable":true,"href":"https:\/\/international.unicollegessml.it\/it\/wp-json\/wp\/v2\/users\/2"}],"replies":[{"embeddable":true,"href":"https:\/\/international.unicollegessml.it\/it\/wp-json\/wp\/v2\/comments?post=285"}],"version-history":[{"count":44,"href":"https:\/\/international.unicollegessml.it\/it\/wp-json\/wp\/v2\/pages\/285\/revisions"}],"predecessor-version":[{"id":8728,"href":"https:\/\/international.unicollegessml.it\/it\/wp-json\/wp\/v2\/pages\/285\/revisions\/8728"}],"up":[{"embeddable":true,"href":"https:\/\/international.unicollegessml.it\/it\/wp-json\/wp\/v2\/pages\/477"}],"wp:attachment":[{"href":"https:\/\/international.unicollegessml.it\/it\/wp-json\/wp\/v2\/media?parent=285"}],"curies":[{"name":"wp","href":"https:\/\/api.w.org\/{rel}","templated":true}]}}