{"id":2047,"date":"2021-06-22T18:29:58","date_gmt":"2021-06-22T16:29:58","guid":{"rendered":"https:\/\/international.unicollegessml.it\/?page_id=2047"},"modified":"2025-12-12T12:03:46","modified_gmt":"2025-12-12T11:03:46","slug":"chi-siamo","status":"publish","type":"page","link":"https:\/\/international.unicollegessml.it\/it\/chi-siamo\/","title":{"rendered":"Chi siamo"},"content":{"rendered":"","protected":false},"excerpt":{"rendered":"","protected":false},"author":1,"featured_media":0,"parent":0,"menu_order":0,"comment_status":"closed","ping_status":"closed","template":"","meta":{"_acf_changed":false},"class_list":["post-2047","page","type-page","status-publish","hentry"],"acf":{"blocchi":[{"acf_fc_layout":"testata","titolo":"Chi Siamo","sottotitolo":"L\u2019Istituto ad ordinamento universitario per le Lingue applicate e le Professioni globali","submenu":[{"pagina":2074,"sotto_pagine":null},{"pagina":2104,"sotto_pagine":null},{"pagina":1997,"sotto_pagine":null},{"pagina":278,"sotto_pagine":null}]},{"acf_fc_layout":"testo","titolo_sezione":"","blocco_testo":[{"immagine":"","titolo":"Storia e identit\u00e0","testo":"<b>Unicollege nasce a Mantova nel 1975 come istituto dedicato allo studio avanzato delle lingue straniere<\/b>, rispondendo alla crescente esigenza del tessuto economico italiano di formare profili capaci di comunicare con mercati e interlocutori globali. Fin dall\u2019inizio, l\u2019Istituto si distingue per un approccio innovativo, orientato alle lingue come competenza applicata alle professioni del mondo contemporaneo.\r\nNel 2003, con il <b>Decreto Ministeriale del 31 luglio 2003<\/b>, pubblicato sulla <b>Gazzetta Ufficiale n. 201 del 30 agosto 2003<\/b>, l\u2019allora Scuola Superiore per Mediatori Linguistici di Mantova ottiene il riconoscimento come <b>Istituto ad Ordinamento Universitario<\/b>, autorizzato a rilasciare titoli triennali della <b>classe L-12<\/b>, pienamente equipollenti alle lauree universitarie italiane. Questo riconoscimento consolida il ruolo dell\u2019Istituto come una delle realt\u00e0 accademiche linguistiche pi\u00f9 storiche e qualificate del Paese.\r\n<b>Nel 2016 nasce Unicollege<\/b>, che rappresenta l\u2019evoluzione dell\u2019Istituto verso un\u2019identit\u00e0 internazionale e interdisciplinare: dalle lingue come ambito di studio alle <b>lingue come strumento operativo per le professioni globali<\/b>. L\u2019offerta formativa si amplia, integrando economia, studi sociali, comunicazione, relazioni internazionali, turismo, moda, geopolitica e studi culturali, in un modello che collega la formazione linguistica alle esigenze dei settori professionali internazionali.\r\nNel 2018, <strong>il Ministero dell\u2019Istruzione, dell\u2019Universit\u00e0 e della Ricerca (oggi MUR) autorizza con D.M. 30 aprile 2018, pubblicato sulla Gazzetta Ufficiale n. 138 del 16 luglio 2018<\/strong>, l\u2019apertura della sede di <b>Firenze<\/b>, riconoscendo la qualit\u00e0 del modello accademico UniCollege e la sua vocazione all\u2019internazionalizzazione.\r\nNel 2022 Unicollege amplia ulteriormente la propria presenza sul territorio aprendo la sede di Torino, rafforzando cos\u00ec la sua missione nazionale di formare professionisti con competenze linguistiche avanzate e una preparazione orientata ai mercati globali.\r\nOggi Unicollege \u00e8 un punto di riferimento accademico nelle lingue applicate e nelle professioni globali, grazie a percorsi universitari che integrano competenze linguistiche, metodologie innovative e visione internazionale. Con sedi a Mantova, Firenze e Torino, l\u2019Istituto rappresenta una realt\u00e0 moderna, dinamica e riconosciuta per la sua capacit\u00e0 di collegare formazione, mondo professionale e contesti globali.","lanci":null},{"immagine":"","titolo":"Unicollege oggi","testo":"Oggi Unicollege rappresenta una realt\u00e0 di eccellenza con stretti contatti con il mondo delle imprese, le quali accolgono volentieri gli studenti per i tirocini curricolari inseriti nel piano degli studi, spesso preludio ad assunzioni stabili: prima che sia passato un anno dal diploma il 95% dei laureati Unicollege trova lavoro o prosegue gli studi universitari per conseguire una laurea magistrale.\r\n\r\nCon tre sedi perfettamente attrezzate, docenti estremamente qualificati provenienti dal mondo accademico e delle professioni, una residenza universitaria a Firenze, un <strong><a href=\"https:\/\/international.unicollegessml.it\/centro-linguistico-universitario\/\"><u>Centro Linguistico<\/u><\/a><\/strong>\u00a0di supporto agli studenti,\u00a0tutor\u00a0dedicati, un avviato programma\u00a0<strong><a href=\"https:\/\/international.unicollegessml.it\/mobilita-internazionale\/erasmus\/\">Erasmus+<\/a>\u00a0<\/strong>di scambio con prestigiose\u00a0universit\u00e0 partner\u00a0in Europa e nel mondo,\u00a0tirocini\u00a0curricolari in Italia e all\u2019estero tramite il programma\u00a0<strong><a href=\"https:\/\/international.unicollegessml.it\/mobilita-internazionale\/erasmus-placement\/\"><u>Erasmus Placement;<\/u><\/a><\/strong> un periodo di studio in <strong>USA e Canada<\/strong> tramite il programma <strong><a href=\"https:\/\/international.unicollegessml.it\/it\/programma-columbus-usa-canada\/\">Columbus<\/a><\/strong> e la possibilit\u00e0 di conseguire un <strong><a href=\"https:\/\/international.unicollegessml.it\/double-degree\/\">Double Degree<\/a><\/strong> in <strong>Cina<\/strong>, <strong>UK, Portogallo o Spagna<\/strong>; un\u2019offerta di <strong><a href=\"https:\/\/international.unicollegessml.it\/unicollege-master-school\/\"><u>Master<\/u><\/a><\/strong> di primo livello per specializzarsi nelle aree di indirizzo frequentate, di <strong><a href=\"https:\/\/international.unicollegessml.it\/unicollege-master-school\/unicollege-master-school-executive-master\/\"><u>Executive Master<\/u><\/a><\/strong> e<strong><a href=\"https:\/\/international.unicollegessml.it\/unicollege-master-school\/continuing-education\/\"> Continuing Education<\/a><\/strong><u>,<\/u>\u00a0Unicollege coerentemente persegue la sua funzione di\u00a0ponte tra il mondo accademico e il mondo del lavoro. Un ponte che ogni anno i suoi diplomati percorrono con successo e soddisfazione.","lanci":null}],"background":"BIANCO","togli_margine_sotto":""},{"acf_fc_layout":"cassetti","titoletto":"","cassetto":[{"titolo":"Vision","testo":"Unicollege \u00e8 una istituzione di livello universitario che con innovativo spirito pedagogico-didattico mette al centro delle nuove metodologie di insegnamento la relazione studente\/docente per creare i futuri professionisti e cittadini di un mondo globalizzato."},{"titolo":"Mission","testo":"Il cuore pulsante di Unicollege \u00e8 una cultura, laica, pluralista e indipendente da ogni potere politico ed economico, finalizzata alla formazione universitaria nel cui ambito si sviluppa l\u2019alta formazione nelle materie di competenza fondata su solide acquisizioni di conoscenze orientate a soluzioni formative migliorative nel settore della mediazione linguistica e culturale che trovano poi applicazione nel sistema economico internazionalizzato contemporaneo."},{"titolo":"Core Values ","testo":"<ul>\r\n \t<li>Far progredire le frontiere della conoscenza nelle lingue applicate e nelle competenze interculturali, con un approccio orientato ai contesti globali e ai settori professionali contemporanei.<\/li>\r\n \t<li>Offrire una formazione superiore all\u2019avanguardia, intellettualmente rigorosa, radicata nella contemporaneit\u00e0 e con forte pertinenza professionale.<\/li>\r\n \t<li>Considerare l\u2019etica e la responsabilita\u0300 dei comportamenti quali valori fondamentali.<\/li>\r\n \t<li>Promuovere una cultura attenta all\u2019ambiente, al diritto, alla salute e alla tolleranza reciproca.<\/li>\r\n \t<li>Identificare e anticipare le future opportunit\u00e0 professionali.<\/li>\r\n \t<li>Garantire la sicurezza e il benessere finanziario dell\u2019Universit\u00e0.<\/li>\r\n \t<li>Riaffermare come propri valori di fondo la collaborazione con soggetti nazionali ed internazionali, pubblici e privati, che promuovano attivit\u00e0 culturali e di ricerca.<\/li>\r\n<\/ul>"}],"background":"BLU"},{"acf_fc_layout":"testo","titolo_sezione":"","blocco_testo":[{"immagine":5571,"titolo":"","testo":"","lanci":null},{"immagine":"","titolo":"","testo":"Unicollege \u00e8 l\u2019<strong>Istituto ad ordinamento universitario riconosciuto dal<\/strong>\u00a0<strong>Ministero dell\u2019Istruzione, dell\u2019Universit\u00e0 e della Ricerca <\/strong>(oggi<strong> MUR<\/strong>), con Decreto Ministeriale del 31 luglio 2003, pubblicato in <a href=\"https:\/\/www.gazzettaufficiale.it\/eli\/gu\/2003\/08\/30\/201\/sg\/pdf\" target=\"_blank\" rel=\"noopener\"><u>Gazzetta Ufficiale n. 201 del 30 agosto 2003<\/u><\/a>. La sede di Firenze \u00e8 stata istituita dal MUR con D.M. del 30 aprile 2018, pubblicato in\u00a0<a href=\"https:\/\/www.gazzettaufficiale.it\/eli\/gu\/2018\/06\/16\/138\/sg\/pdf\" target=\"_blank\" rel=\"noopener\"><u>G.U. n. 138 del 16 giugno 2018<\/u><\/a>. La sede di Torino \u00e8 stata istituita dal MUR con\r\nD.M. del 12 novembre 2007, <a href=\"https:\/\/www.gazzettaufficiale.it\/atto\/serie_generale\/caricaDettaglioAtto\/originario?atto.dataPubblicazioneGazzetta=2007-11-23&amp;atto.codiceRedazionale=07A09807&amp;elenco30giorni=false\">G.U. n. 273 del 23 novembre 2007<\/a>\r\n\r\n&nbsp;\r\n\r\nUnicollege fa parte del sistema universitario italiano, erogando corsi triennali di primo ciclo afferenti alla classe di laurea L-12, i cui diplomi sono equipollenti alle <strong>lauree triennali<\/strong> della classe L-12, e corsi biennali di secondo ciclo afferenti alla classe di laurea LM-94, i cui diplomi sono equivalenti alle <strong>lauree magistrali<\/strong>\u00a0della classe LM-94.","lanci":null}],"background":"BIANCO","togli_margine_sotto":""},{"acf_fc_layout":"testo","titolo_sezione":"","blocco_testo":[{"immagine":"","titolo":"Studenti","testo":"I nostri studenti sono i protagonisti assoluti del mondo Unicollege caratterizzandolo con la connotazione di una <strong>forte community<\/strong> nella quale lo studio si unisce allo scambio continuativo di esperienze, idee, culture.\r\n\r\nUna community nella quale <strong>multiculturalit\u00e0<\/strong> e <strong>multietnicit\u00e0<\/strong> generano intense e positive energie, rilasciando stimoli importanti e continui che diventano nuovi riferimenti e innovativi approcci per lo sviluppo di un habitat di grande ricchezza e confronto, non solo nella vita di ogni giorno ma anche nel proprio futuro professionale.\r\n\r\n<strong>Internazionalit\u00e0<\/strong> e <strong>mediazione culturale<\/strong> diventano cos\u00ec il denominatore che unisce e amalgama le diverse origini e caratteristiche in un sentire comune, in un vivere armonico, in una condivisione continua di esperienze e di vita.","lanci":null},{"immagine":"","titolo":"Docenti","testo":"Per le sue caratteristiche didattiche indirizzate allo sviluppo costante della relazione tra\u00a0<em>sapere<\/em>\u00a0e\u00a0<em>saper fare<\/em>, la\u00a0<strong>faculty Unicollege<\/strong>\u00a0\u00e8 caratterizzata dalla presenza di docenti di\u00a0<strong>importanti esperienze accademiche<\/strong>\u00a0unite ad\u00a0<strong>alti profili professionali<\/strong>\u00a0nell\u2019ambito delle materie d\u2019insegnamento.\r\n\r\nCompetenze e capacit\u00e0 relazionali, sono gli aspetti pi\u00f9 importanti che caratterizzano i nostri docenti, i quali riescono a creare con i propri studenti relazioni dirette ed empatiche, facendoli sentire costantemente seguiti e assistiti in ogni necessit\u00e0 didattica, grazie anche al\u00a0<strong>basso rapporto per classe studente\/docente\u00a0<\/strong>che Unicollege riesce a organizzare nonostante la numerosit\u00e0 degli iscritti. La predisposizione alla community dei nostri docenti fa s\u00ec che vivano il senso della comunit\u00e0 in maniera molto propositiva, condividendo esperienze e proponendo costantemente non solo innovazione negli aspetti didattici ma anche seminari, conferenze, dibattiti che diventano eventi di grande rilievo aperti a tutti.","lanci":null}],"background":"BIANCO","togli_margine_sotto":["Si"]},{"acf_fc_layout":"testo","titolo_sezione":"","blocco_testo":[{"immagine":"","titolo":"Staff","testo":"<strong>Passione<\/strong> e <strong>dedizione nel lavoro<\/strong>, capacit\u00e0 di ascoltare, attenzione costante alle esigenze altrui rendono la community staff il punto di riferimento di fiducia di studenti e docenti in Unicollege.\r\n\r\nLo staff \u00e8 sempre a disposizione per garantire un supporto e un servizio di <strong>tutoraggio costante<\/strong>, ma anche per i futuri studenti che desiderano conoscere l'offerta formativa Unicollege e visitare i campus di Firenze e Mantova!\r\n\r\nLo staff al completo ma in particolare i tutor, offrono un\u2019<strong>assistenza costante e personalizzata <\/strong>rendendo\u00a0la vita degli studenti all\u2019interno di Unicollege un\u2019esperienza piacevole e stimolante.","lanci":null},{"immagine":"","titolo":"Alumni","testo":"I laureati Unicollege, grazie alla\u00a0<strong>Alumni community<\/strong>\u00a0rimangono in contatto tra loro una volta entrati nel mondo del lavoro.\r\n\r\nLa community permette non solo il ritrovarsi in occasione di eventi istituzionali quali dibattiti, conferenze, seminari ma diventa anche il luogo fisico e virtuale nel quale si sviluppano una serie di opportunit\u00e0 di scambio professionale e di informazioni di grande importanza.\r\n\r\nIl mantenersi in contatto, quindi, diventa non solo il ricordare piacevoli momenti e avventure della\u00a0<strong>vita studentesca<\/strong>, ma anche e soprattutto una grande opportunit\u00e0 di condivisione delle esperienze lavorative, del proprio futuro professionale, di uno scambio reciproco di possibilit\u00e0 che aiutano nella propria crescita e nelle prospettive di cambiamento.","lanci":null}],"background":"BIANCO","togli_margine_sotto":""},{"acf_fc_layout":"immagine","immagine":6986,"allineamento_immagine":"Su","dimensione":"grande"}]},"_links":{"self":[{"href":"https:\/\/international.unicollegessml.it\/it\/wp-json\/wp\/v2\/pages\/2047","targetHints":{"allow":["GET"]}}],"collection":[{"href":"https:\/\/international.unicollegessml.it\/it\/wp-json\/wp\/v2\/pages"}],"about":[{"href":"https:\/\/international.unicollegessml.it\/it\/wp-json\/wp\/v2\/types\/page"}],"author":[{"embeddable":true,"href":"https:\/\/international.unicollegessml.it\/it\/wp-json\/wp\/v2\/users\/1"}],"replies":[{"embeddable":true,"href":"https:\/\/international.unicollegessml.it\/it\/wp-json\/wp\/v2\/comments?post=2047"}],"version-history":[{"count":57,"href":"https:\/\/international.unicollegessml.it\/it\/wp-json\/wp\/v2\/pages\/2047\/revisions"}],"predecessor-version":[{"id":11050,"href":"https:\/\/international.unicollegessml.it\/it\/wp-json\/wp\/v2\/pages\/2047\/revisions\/11050"}],"wp:attachment":[{"href":"https:\/\/international.unicollegessml.it\/it\/wp-json\/wp\/v2\/media?parent=2047"}],"curies":[{"name":"wp","href":"https:\/\/api.w.org\/{rel}","templated":true}]}}