{"id":20122,"date":"2026-04-20T12:40:30","date_gmt":"2026-04-20T10:40:30","guid":{"rendered":"https:\/\/international.unicollegessml.it\/?page_id=20122"},"modified":"2026-04-20T17:23:43","modified_gmt":"2026-04-20T15:23:43","slug":"university-to-university-partnerships","status":"publish","type":"page","link":"https:\/\/international.unicollegessml.it\/en\/university-to-university-partnerships\/","title":{"rendered":"University-to-University Partnerships"},"content":{"rendered":"","protected":false},"excerpt":{"rendered":"","protected":false},"author":14,"featured_media":0,"parent":0,"menu_order":0,"comment_status":"closed","ping_status":"closed","template":"","meta":{"_acf_changed":false},"class_list":["post-20122","page","type-page","status-publish","hentry"],"acf":{"blocchi":[{"acf_fc_layout":"intro_immagine","immagine":11478,"ha_overlay":"","label":"","titolo":"Semester or Year Abroad Programs","testo":"","lancio":""},{"acf_fc_layout":"tabs","visualizza_online":["Si"],"tabs":[{"titolo":"Program Overview","blocchi_blocchi":[{"acf_fc_layout":"testo","titolo_sezione":"","blocco_testo":[{"immagine":"","titolo":"","testo":"<span style=\"font-weight: 400;\">Unicollege is a degree-granting undergraduate and graduate university accredited by the Italian Ministry of University and Research (MUR) and operating within <a href=\"https:\/\/international.unicollegessml.it\/en\/the-italian-higher-education-system\/\">the Italian Higher Education System<\/a>. Academic programs are structured in accordance with Italian and European regulatory standards.<\/span>\r\n\r\n<span style=\"font-weight: 400;\">English functions as the common language of instruction across a broad range of programs, allowing international accessibility while maintaining the governance and structure of an accredited European university. Students study within an integrated academic community rather than in parallel or isolated study abroad tracks.<\/span>","lanci":null},{"immagine":"","titolo":"","testo":"<b>Campuses and Academic Infrastructure<\/b>\r\n\r\n<span style=\"font-weight: 400;\">Unicollege operates campuses in Florence, Mantua, Milan, and Turin. As an accredited institution, it provides full academic infrastructure, including classrooms, faculty offices, student services, housing coordination, meal plans, and academic advising. This institutional structure enables the university to design, host, and academically govern a wide range of international programs.<\/span>\r\n\r\n<span style=\"font-weight: 400;\">Programs that can be delivered within university-to-university cooperation include:<\/span>\r\n\r\n<span style=\"font-weight: 400;\">\u2013 <a href=\"https:\/\/international.unicollegessml.it\/en\/semester-or-year-abroad-programs\/\">Semester and year-long study abroad<\/a><\/span><span style=\"font-weight: 400;\">\r\n<\/span><span style=\"font-weight: 400;\">\u2013 <a href=\"https:\/\/international.unicollegessml.it\/en\/summer-programs-2\/\">Summer sessions<\/a><\/span><span style=\"font-weight: 400;\">\r\n<\/span><span style=\"font-weight: 400;\">\u2013 <a href=\"https:\/\/international.unicollegessml.it\/en\/pre-college-and-gap-year-programs\/\">Pre-college and gap year programs<\/a><\/span><span style=\"font-weight: 400;\">\r\n<\/span><span style=\"font-weight: 400;\">\u2013 <a href=\"https:\/\/international.unicollegessml.it\/en\/italian-language-and-culture-immersions\/\">Italian Language and Culture immersions<\/a><\/span><span style=\"font-weight: 400;\">\r\n<\/span><span style=\"font-weight: 400;\">\u2013 <a href=\"https:\/\/international.unicollegessml.it\/en\/?page_id=10513\">Internship abroad (non-credit and credit-bearing)<\/a><\/span><span style=\"font-weight: 400;\">\r\n<\/span><span style=\"font-weight: 400;\">\u2013 <a href=\"https:\/\/international.unicollegessml.it\/en\/rotation-programs-non-credit-credit\/\">Rotation programs<\/a><\/span><span style=\"font-weight: 400;\">\r\n<\/span><span style=\"font-weight: 400;\">\u2013 <a href=\"https:\/\/international.unicollegessml.it\/en\/faculty-led-programs\/\">Faculty-led programs<\/a><\/span><span style=\"font-weight: 400;\">\r\n<\/span><span style=\"font-weight: 400;\">\u2013 <a href=\"https:\/\/international.unicollegessml.it\/en\/collaborative-online-international-learning-coil\/\">Collaborative Online International Learning (COIL) initiatives<\/a><\/span>\r\n\r\n<span style=\"font-weight: 400;\">All programs operate within <a href=\"https:\/\/international.unicollegessml.it\/en\/course-syllabi\/\">documented academic frameworks<\/a>, with defined learning outcomes, syllabi, assessment procedures, and institutional oversight.<\/span>","lanci":null}],"background":"BIANCO","togli_margine_sotto":["Si"]},{"acf_fc_layout":"cassetti","titoletto":"","cassetto":[{"titolo":"List of Partners","testo":"<p data-start=\"155\" data-end=\"574\">Unicollege maintains a growing network of international academic partnerships across four continents, reflecting its commitment to global engagement and institutional cooperation. The university currently collaborates with more than 80 partner institutions in over 40 countries worldwide, supporting a wide range of academic initiatives, including student mobility, faculty collaboration, and joint program development.<\/p>\r\n<p data-start=\"576\" data-end=\"632\">The full list of partner universities is available here:<\/p>\r\n<strong>Argentina<\/strong><span style=\"font-weight: 400;\">\r\n<\/span><span style=\"font-weight: 400;\">Universidad Austral (Buenos Aires)<\/span><span style=\"font-weight: 400;\">\r\n<\/span><span style=\"font-weight: 400;\">Universidad del CEMA (Buenos Aires)<\/span>\r\n\r\n<strong>Austria<\/strong><span style=\"font-weight: 400;\">\r\n<\/span><span style=\"font-weight: 400;\">University of Applied Sciences Upper Austria (Steyr)<\/span>\r\n\r\n<strong>Belgium<\/strong><span style=\"font-weight: 400;\">\r\n<\/span><span style=\"font-weight: 400;\">HELMo Haute \u00c9cole Libre Mosane (Li\u00e8ge)<\/span>\r\n\r\n<strong>Brazil<\/strong><span style=\"font-weight: 400;\">\r\n<\/span><span style=\"font-weight: 400;\">Universidade Paulista \u2013 UNIP (S\u00e3o Paulo)<\/span>\r\n\r\n<strong>Cyprus<\/strong><span style=\"font-weight: 400;\">\r\n<\/span><span style=\"font-weight: 400;\">Cyprus Business School (Nicosia \/ Limassol)<\/span>\r\n\r\n<strong>Denmark<\/strong><span style=\"font-weight: 400;\">\r\n<\/span><span style=\"font-weight: 400;\">Zealand Institute of Business and Technology (K\u00f8ge)<\/span>\r\n\r\n<strong>France<\/strong><span style=\"font-weight: 400;\">\r\n<\/span><span style=\"font-weight: 400;\">Universit\u00e9 Catholique de Lyon<\/span><span style=\"font-weight: 400;\">\r\n<\/span><span style=\"font-weight: 400;\">Universit\u00e9 Paris 8<\/span><span style=\"font-weight: 400;\">\r\n<\/span><span style=\"font-weight: 400;\">ICD Business School (Paris \/ Toulouse)<\/span>\r\n\r\n<strong>Germany<\/strong><span style=\"font-weight: 400;\">\r\n<\/span><span style=\"font-weight: 400;\">Northern Business School (Hamburg)<\/span><span style=\"font-weight: 400;\">\r\n<\/span><span style=\"font-weight: 400;\">Hochschule RheinMain (Frankfurt \/ Wiesbaden)<\/span><span style=\"font-weight: 400;\">\r\n<\/span><span style=\"font-weight: 400;\">University of Hildesheim<\/span><span style=\"font-weight: 400;\">\r\n<\/span><span style=\"font-weight: 400;\">Catholic University of Applied Sciences Mainz<\/span><span style=\"font-weight: 400;\">\r\n<\/span><span style=\"font-weight: 400;\">SDI M\u00fcnchen \u2013 University of Applied Sciences (Munich)<\/span>\r\n\r\n<strong>Georgia<\/strong><span style=\"font-weight: 400;\">\r\n<\/span><span style=\"font-weight: 400;\">Tbilisi State University<\/span>\r\n\r\n<strong>Kosovo<\/strong><span style=\"font-weight: 400;\">\r\n<\/span><span style=\"font-weight: 400;\">Universum International College (Pristina)<\/span>\r\n\r\n<strong>Latvia<\/strong><span style=\"font-weight: 400;\">\r\n<\/span><span style=\"font-weight: 400;\">Daugavpils University<\/span><span style=\"font-weight: 400;\">\r\n<\/span><span style=\"font-weight: 400;\">Liep\u0101ja University<\/span><span style=\"font-weight: 400;\">\r\n<\/span><span style=\"font-weight: 400;\">Latvian Academy of Culture (Riga)<\/span><span style=\"font-weight: 400;\">\r\n<\/span><span style=\"font-weight: 400;\">Baltic International Academy (Riga)<\/span><span style=\"font-weight: 400;\">\r\n<\/span><span style=\"font-weight: 400;\">Ventspils University of Applied Sciences<\/span>\r\n\r\n<strong>Malta<\/strong><span style=\"font-weight: 400;\">\r\n<\/span><span style=\"font-weight: 400;\">University of Malta (Msida)<\/span>\r\n\r\n<strong>Netherlands<\/strong><span style=\"font-weight: 400;\">\r\n<\/span><span style=\"font-weight: 400;\">HZ University of Applied Sciences (Vlissingen)<\/span>\r\n\r\n<strong>Norway<\/strong><span style=\"font-weight: 400;\">\r\n<\/span><span style=\"font-weight: 400;\">Volda University College<\/span>\r\n\r\n<strong>Poland<\/strong><span style=\"font-weight: 400;\">\r\n<\/span><span style=\"font-weight: 400;\">Ignatianum University in Krak\u00f3w (Krak\u00f3w)<\/span>\r\n\r\n<strong>Portugal<\/strong><span style=\"font-weight: 400;\">\r\n<\/span><span style=\"font-weight: 400;\">Universidade da Beira Interior (Covilh\u00e3)<\/span><span style=\"font-weight: 400;\">\r\n<\/span><span style=\"font-weight: 400;\">Polytechnic Institute of Porto<\/span>\r\n\r\n<strong>Romania<\/strong><span style=\"font-weight: 400;\">\r\n<\/span><span style=\"font-weight: 400;\">Politehnica University of Timi\u0219oara<\/span><span style=\"font-weight: 400;\">\r\n<\/span><span style=\"font-weight: 400;\">University of Oradea<\/span><span style=\"font-weight: 400;\">\r\n<\/span><span style=\"font-weight: 400;\">Aurel Vlaicu University of Arad<\/span>\r\n\r\n<strong>Slovakia<\/strong><span style=\"font-weight: 400;\">\r\n<\/span><span style=\"font-weight: 400;\">Pavol Jozef \u0160af\u00e1rik University (Ko\u0161ice)<\/span>\r\n\r\n<strong>Slovenia<\/strong><span style=\"font-weight: 400;\">\r\n<\/span><span style=\"font-weight: 400;\">University of Ljubljana (Ljubljana)<\/span>\r\n\r\n<strong>Spain<\/strong><span style=\"font-weight: 400;\">\r\n<\/span><span style=\"font-weight: 400;\">Universidad de C\u00f3rdoba<\/span><span style=\"font-weight: 400;\">\r\n<\/span><span style=\"font-weight: 400;\">Universidade da Coru\u00f1a<\/span><span style=\"font-weight: 400;\">\r\n<\/span><span style=\"font-weight: 400;\">Universidad de La Rioja (online)<\/span><span style=\"font-weight: 400;\">\r\n<\/span><span style=\"font-weight: 400;\">Universidad Rey Juan Carlos (Madrid)<\/span><span style=\"font-weight: 400;\">\r\n<\/span><span style=\"font-weight: 400;\">Universidad de M\u00e1laga<\/span><span style=\"font-weight: 400;\">\r\n<\/span><span style=\"font-weight: 400;\">Universidad Cat\u00f3lica de Murcia<\/span><span style=\"font-weight: 400;\">\r\n<\/span><span style=\"font-weight: 400;\">Universidad Europea del Atl\u00e1ntico (Santander)<\/span><span style=\"font-weight: 400;\">\r\n<\/span><span style=\"font-weight: 400;\">Universidad de Valladolid<\/span>\r\n\r\n<strong>Taiwan<\/strong><span style=\"font-weight: 400;\">\r\n<\/span><span style=\"font-weight: 400;\">University of Taipei<\/span>\r\n\r\n<strong>Turkey<\/strong><span style=\"font-weight: 400;\">\r\n<\/span><span style=\"font-weight: 400;\">\u00c7ag University (Adana)<\/span><span style=\"font-weight: 400;\">\r\n<\/span><span style=\"font-weight: 400;\">Ankara Medipol University (Ankara)<\/span><span style=\"font-weight: 400;\">\r\n<\/span><span style=\"font-weight: 400;\">Istanbul Medipol University (Istanbul)<\/span><span style=\"font-weight: 400;\">\r\n<\/span><span style=\"font-weight: 400;\">Istanbul Rumeli University (Istanbul)<\/span>\r\n\r\n<strong>United Kingdom<\/strong><span style=\"font-weight: 400;\">\r\n<\/span><span style=\"font-weight: 400;\">University of Lancashire (Preston)<\/span>\r\n\r\n<strong>United States of America, Canada, and US universities abroad<\/strong>\r\n\r\n<span style=\"font-weight: 400;\">San Francisco State University<\/span><span style=\"font-weight: 400;\">\r\n<\/span><span style=\"font-weight: 400;\">University of Virginia\u2019s College at Wise<\/span><span style=\"font-weight: 400;\">\r\n<\/span><span style=\"font-weight: 400;\">University of Manitoba (Canada)<\/span><span style=\"font-weight: 400;\">\r\n<\/span><span style=\"font-weight: 400;\">Western University (Canada)<\/span><span style=\"font-weight: 400;\">\r\n<\/span><span style=\"font-weight: 400;\">California State University Monterey Bay<\/span><span style=\"font-weight: 400;\">\r\n<\/span><span style=\"font-weight: 400;\">Hampton University<\/span><span style=\"font-weight: 400;\">\r\n<\/span><span style=\"font-weight: 400;\">Lebanese American University (Lebanon)<\/span><span style=\"font-weight: 400;\">\r\n<\/span><span style=\"font-weight: 400;\">Al Akhawayn University in Ifrane (Morocco)<\/span><span style=\"font-weight: 400;\">\r\n<\/span><span style=\"font-weight: 400;\">Angelo State University<\/span><span style=\"font-weight: 400;\">\r\n<\/span><span style=\"font-weight: 400;\">Bay Atlantic University<\/span><span style=\"font-weight: 400;\">\r\n<\/span><span style=\"font-weight: 400;\">Bellevue University<\/span><span style=\"font-weight: 400;\">\r\n<\/span><span style=\"font-weight: 400;\">Coe College<\/span><span style=\"font-weight: 400;\">\r\n<\/span><span style=\"font-weight: 400;\">East Stroudsburg University<\/span><span style=\"font-weight: 400;\">\r\n<\/span><span style=\"font-weight: 400;\">Elmira College<\/span><span style=\"font-weight: 400;\">\r\n<\/span><span style=\"font-weight: 400;\">Emporia State University<\/span><span style=\"font-weight: 400;\">\r\n<\/span><span style=\"font-weight: 400;\">Jessup University<\/span><span style=\"font-weight: 400;\">\r\n<\/span><span style=\"font-weight: 400;\">Lamar University<\/span><span style=\"font-weight: 400;\">\r\n<\/span><span style=\"font-weight: 400;\">Lawrence Technological University<\/span><span style=\"font-weight: 400;\">\r\n<\/span><span style=\"font-weight: 400;\">Leeward Community College<\/span><span style=\"font-weight: 400;\">\r\n<\/span><span style=\"font-weight: 400;\">Lorain County Community College<\/span><span style=\"font-weight: 400;\">\r\n<\/span><span style=\"font-weight: 400;\">Mars Hill University<\/span><span style=\"font-weight: 400;\">\r\n<\/span><span style=\"font-weight: 400;\">Mercy University<\/span><span style=\"font-weight: 400;\">\r\n<\/span><span style=\"font-weight: 400;\">Montclair State University<\/span><span style=\"font-weight: 400;\">\r\n<\/span><span style=\"font-weight: 400;\">Moravian University<\/span><span style=\"font-weight: 400;\">\r\n<\/span><span style=\"font-weight: 400;\">Northwest University<\/span><span style=\"font-weight: 400;\">\r\n<\/span><span style=\"font-weight: 400;\">Regis University<\/span><span style=\"font-weight: 400;\">\r\n<\/span><span style=\"font-weight: 400;\">Shepherd University<\/span><span style=\"font-weight: 400;\">\r\n<\/span><span style=\"font-weight: 400;\">Snow College<\/span><span style=\"font-weight: 400;\">\r\n<\/span><span style=\"font-weight: 400;\">Southeast Community College<\/span><span style=\"font-weight: 400;\">\r\n<\/span><span style=\"font-weight: 400;\">Southern Utah University<\/span><span style=\"font-weight: 400;\">\r\n<\/span><span style=\"font-weight: 400;\">Troy University<\/span><span style=\"font-weight: 400;\">\r\n<\/span><span style=\"font-weight: 400;\">Universidade Paulista<\/span><span style=\"font-weight: 400;\">\r\n<\/span><span style=\"font-weight: 400;\">University of Findlay<\/span><span style=\"font-weight: 400;\">\r\n<\/span><span style=\"font-weight: 400;\">University of Lancaster<\/span><span style=\"font-weight: 400;\">\r\n<\/span><span style=\"font-weight: 400;\">University of North Florida<\/span><span style=\"font-weight: 400;\">\r\n<\/span><span style=\"font-weight: 400;\">University of the Incarnate Word (including Mexico City)<\/span><span style=\"font-weight: 400;\">\r\n<\/span><span style=\"font-weight: 400;\">University of the Ozarks<\/span><span style=\"font-weight: 400;\">\r\n<\/span><span style=\"font-weight: 400;\">University of West Florida<\/span><span style=\"font-weight: 400;\">\r\n<\/span><span style=\"font-weight: 400;\">Western Carolina University<\/span><span style=\"font-weight: 400;\">\r\n<\/span><span style=\"font-weight: 400;\">Wilberforce University<\/span><span style=\"font-weight: 400;\">\r\n<\/span><span style=\"font-weight: 400;\">University of South Alabama<\/span>\r\n<p data-start=\"576\" data-end=\"632\"><strong>South Africa<\/strong><span style=\"font-weight: 400;\">\r\n<\/span><span style=\"font-weight: 400;\">University of the Witwatersrand (WITS), Johannesburg<\/span><\/p>"}],"background":"GRIGIO2"},{"acf_fc_layout":"testo","titolo_sezione":"","blocco_testo":[{"immagine":11468,"titolo":"Become a partner","testo":"<p class=\"font-claude-response-body break-words whitespace-normal leading-[1.7]\">Unicollege's approach to international collaboration is built on a foundational principle: that study abroad is most effective, most equitable, and most academically coherent when it operates as a direct relationship between two peer institutions \u2014 not through third-party providers or intermediary organizations. Every program that Unicollege develops with a partner institution is the result of a staff-to-staff and faculty-to-faculty conversation, designed to be academically, financially, and logistically empathetic to both sides of the partnership. Programs are built to reflect the realities, constraints, and objectives of both institutions equally.<\/p>\r\n<p class=\"font-claude-response-body break-words whitespace-normal leading-[1.7]\">This peer-to-peer framework carries concrete institutional advantages that third-party models cannot replicate.<\/p>\r\n<p class=\"font-claude-response-body break-words whitespace-normal leading-[1.7]\"><strong>Continuity of financial aid and scholarship eligibility.<\/strong> Because Unicollege is an accredited university operating within an inter-institutional agreement, students enrolled through a direct partnership may maintain continuity of Title IV funding and other forms of governmental or institutional aid and scholarships that would otherwise be interrupted or rendered ineligible when participation is managed through a third-party provider. Eligibility is confirmed on a case-by-case basis in coordination with the home institution's financial aid office.<\/p>","lanci":null},{"immagine":"","titolo":"","testo":"<p class=\"font-claude-response-body break-words whitespace-normal leading-[1.7]\"><strong>Reciprocity of credit recognition and academic equivalency.<\/strong> As two accredited degree-granting institutions operating within a formal inter-institutional agreement, both Unicollege and the partner university can engage in the mutual recognition of courses, credits, grades, and academic credentials. Transcripts, credit conversions, and equivalency documentation are issued in compliance with U.S. academic standards and, where applicable, ECTS frameworks, ensuring legibility and transferability in both directions.<\/p>\r\n<p class=\"font-claude-response-body break-words whitespace-normal leading-[1.7]\"><strong>Institutional customization.<\/strong> Partnership agreements may be structured as full exchange programs, fee-paying arrangements, or hybrid models combining both. In exchange configurations, Unicollege reserves the right to waive per-credit costs and reciprocate an agreed number of tuition-free students. Alternative and mixed models are considered in accordance with the terms agreed upon with each partner institution.<\/p>\r\n<p class=\"font-claude-response-body break-words whitespace-normal leading-[1.7]\">Unicollege welcomes partnership inquiries from accredited institutions at all levels \u2014 undergraduate, postgraduate, and doctoral \u2014 across all disciplines represented within its academic offering.<\/p>\r\n<p class=\"font-claude-response-body break-words whitespace-normal leading-[1.7]\">For institutional partnership inquiries, please contact:<\/p>\r\n<p class=\"font-claude-response-body break-words whitespace-normal leading-[1.7]\"><strong>Benedetta Serra<\/strong> Corporate Relations and Strategic Affairs Executive Officer <a class=\"underline underline underline-offset-2 decoration-1 decoration-current\/40 hover:decoration-current focus:decoration-current\" href=\"mailto:benedetta.serra@unicollege.eu\">benedetta.serra@unicollege.eu<\/a><\/p>","lanci":null}],"background":"BIANCO","togli_margine_sotto":""}]}]}]},"_links":{"self":[{"href":"https:\/\/international.unicollegessml.it\/en\/wp-json\/wp\/v2\/pages\/20122","targetHints":{"allow":["GET"]}}],"collection":[{"href":"https:\/\/international.unicollegessml.it\/en\/wp-json\/wp\/v2\/pages"}],"about":[{"href":"https:\/\/international.unicollegessml.it\/en\/wp-json\/wp\/v2\/types\/page"}],"author":[{"embeddable":true,"href":"https:\/\/international.unicollegessml.it\/en\/wp-json\/wp\/v2\/users\/14"}],"replies":[{"embeddable":true,"href":"https:\/\/international.unicollegessml.it\/en\/wp-json\/wp\/v2\/comments?post=20122"}],"version-history":[{"count":11,"href":"https:\/\/international.unicollegessml.it\/en\/wp-json\/wp\/v2\/pages\/20122\/revisions"}],"predecessor-version":[{"id":20162,"href":"https:\/\/international.unicollegessml.it\/en\/wp-json\/wp\/v2\/pages\/20122\/revisions\/20162"}],"wp:attachment":[{"href":"https:\/\/international.unicollegessml.it\/en\/wp-json\/wp\/v2\/media?parent=20122"}],"curies":[{"name":"wp","href":"https:\/\/api.w.org\/{rel}","templated":true}]}}