{"id":11472,"date":"2026-04-16T17:20:18","date_gmt":"2026-04-16T15:20:18","guid":{"rendered":"https:\/\/international.unicollegessml.it\/?page_id=11472"},"modified":"2026-04-20T13:44:06","modified_gmt":"2026-04-20T11:44:06","slug":"global-outreach-2","status":"publish","type":"page","link":"https:\/\/international.unicollegessml.it\/en\/global-outreach-2\/","title":{"rendered":"Global Outreach"},"content":{"rendered":"<div class=\"wrap\">\n<h2>Global Outreach<\/h2>\n<h3>Global Outreach<\/h3>\n<h4>International Academic Mobility<\/h4>\n<p>Global outreach is a central component of Unicollege\u2019s academic mission. Through structured international partnerships, the university supports student and faculty mobility across multiple higher education systems, enabling academic exchange, professional development, and international cooperation.<\/p>\n<p>Unicollege cooperates with partner universities across Europe, the Americas, Asia, Africa, and international partner countries through bilateral inter-institutional agreements. Students may pursue study or internship periods abroad through these partnerships. Faculty mobility is also supported through teaching and training exchanges with partner institutions.<\/p>\n<p>Partner institutions include, among others:<\/p>\n<h4>Argentina<\/h4>\n<ul>\n<li>Universidad Austral (Buenos Aires)<\/li>\n<li>Universidad del CEMA (Buenos Aires)<\/li>\n<\/ul>\n<h4>Austria<\/h4>\n<ul>\n<li>University of Applied Sciences Upper Austria (Steyr)<\/li>\n<\/ul>\n<h4>Belgium<\/h4>\n<ul>\n<li>HELMo Haute \u00c9cole Libre Mosane (Li\u00e8ge)<\/li>\n<\/ul>\n<h4>Brazil<\/h4>\n<ul>\n<li>Universidade Paulista \u2013 UNIP (S\u00e3o Paulo)<\/li>\n<\/ul>\n<h4>Cyprus<\/h4>\n<ul>\n<li>Cyprus Business School (Nicosia \/ Limassol)<\/li>\n<\/ul>\n<h4>Denmark<\/h4>\n<ul>\n<li>Zealand Institute of Business and Technology (K\u00f8ge)<\/li>\n<\/ul>\n<h4>France<\/h4>\n<ul>\n<li>Universit\u00e9 Catholique de Lyon<\/li>\n<li>Universit\u00e9 Paris 8<\/li>\n<li>ICD Business School (Paris \/ Toulouse)<\/li>\n<\/ul>\n<h4>Germany<\/h4>\n<ul>\n<li>Northern Business School (Hamburg)<\/li>\n<li>Hochschule RheinMain (Frankfurt \/ Wiesbaden)<\/li>\n<li>University of Hildesheim<\/li>\n<li>Catholic University of Applied Sciences Mainz<\/li>\n<li>SDI M\u00fcnchen \u2013 University of Applied Sciences (Munich)<\/li>\n<\/ul>\n<h4>Georgia<\/h4>\n<ul>\n<li>Tbilisi State University<\/li>\n<\/ul>\n<h4>Kosovo<\/h4>\n<ul>\n<li>Universum International College (Pristina)<\/li>\n<\/ul>\n<h4>Latvia<\/h4>\n<ul>\n<li>Daugavpils University<\/li>\n<li>Liep\u0101ja University<\/li>\n<li>Latvian Academy of Culture (Riga)<\/li>\n<li>Baltic International Academy (Riga)<\/li>\n<li>Ventspils University of Applied Sciences<\/li>\n<\/ul>\n<h4>Netherlands<\/h4>\n<ul>\n<li>HZ University of Applied Sciences (Vlissingen)<\/li>\n<\/ul>\n<h4>Norway<\/h4>\n<ul>\n<li>Volda University College<\/li>\n<\/ul>\n<h4>Poland<\/h4>\n<ul>\n<li>Ignatianum University in Krak\u00f3w (Krak\u00f3w)<\/li>\n<\/ul>\n<h4>Portugal<\/h4>\n<ul>\n<li>Universidade da Beira Interior (Covilh\u00e3)<\/li>\n<li>Polytechnic Institute of Porto<\/li>\n<\/ul>\n<h4>Romania<\/h4>\n<ul>\n<li>Politehnica University of Timi\u0219oara<\/li>\n<li>University of Oradea<\/li>\n<li>Aurel Vlaicu University of Arad<\/li>\n<\/ul>\n<h4>Slovakia<\/h4>\n<ul>\n<li>Pavol Jozef \u0160af\u00e1rik University (Ko\u0161ice)<\/li>\n<\/ul>\n<h4>Slovenia<\/h4>\n<ul>\n<li>University of Ljubljana (Ljubljana)<\/li>\n<\/ul>\n<h4>Spain<\/h4>\n<ul>\n<li>Universidad de C\u00f3rdoba<\/li>\n<li>Universidade da Coru\u00f1a<\/li>\n<li>Universidad de La Rioja (online)<\/li>\n<li>Universidad Rey Juan Carlos (Madrid)<\/li>\n<li>Universidad de M\u00e1laga<\/li>\n<li>Universidad Cat\u00f3lica de Murcia<\/li>\n<li>Universidad Europea del Atl\u00e1ntico (Santander)<\/li>\n<li>Universidad de Valladolid<\/li>\n<\/ul>\n<h4>Taiwan<\/h4>\n<ul>\n<li>University of Taipei<\/li>\n<\/ul>\n<h4>Turkey<\/h4>\n<ul>\n<li>\u00c7ag University (Adana)<\/li>\n<li>Ankara Medipol University (Ankara)<\/li>\n<li>Istanbul Medipol University (Istanbul)<\/li>\n<li>Istanbul Rumeli University (Istanbul)<\/li>\n<\/ul>\n<h4>United Kingdom<\/h4>\n<ul>\n<li>University of Lancashire (Preston)<\/li>\n<\/ul>\n<h4>Malta (Faculty mobility only)<\/h4>\n<ul>\n<li>University of Malta (Msida)<\/li>\n<\/ul>\n<h4>South Africa<\/h4>\n<ul>\n<li>University of the Witwatersrand (WITS), Johannesburg<\/li>\n<\/ul>\n<p>Unicollege cooperates with more than 40 universities in North America and international partner countries.<\/p>\n<\/p><\/div>\n","protected":false},"excerpt":{"rendered":"<p>Global Outreach Global Outreach International Academic Mobility Global outreach is a central component of Unicollege\u2019s academic mission. Through structured international partnerships, the university supports student and faculty mobility across multiple higher education systems, enabling academic exchange, professional development, and international cooperation. Unicollege cooperates with partner universities across Europe, the Americas, Asia, Africa, and international partner [&hellip;]<\/p>\n","protected":false},"author":2,"featured_media":0,"parent":0,"menu_order":0,"comment_status":"closed","ping_status":"closed","template":"","meta":{"_acf_changed":false},"class_list":["post-11472","page","type-page","status-publish","hentry"],"acf":{"blocchi":[{"acf_fc_layout":"intro_immagine","immagine":11478,"ha_overlay":"","label":"","titolo":"","testo":"","lancio":""},{"acf_fc_layout":"tabs","visualizza_online":["Si"],"tabs":[{"titolo":"International Academic Mobility","blocchi_blocchi":[{"acf_fc_layout":"testo","titolo_sezione":"","blocco_testo":[{"immagine":"","titolo":"","testo":"<span style=\"font-weight: 400;\">Global outreach is a central component of Unicollege\u2019s academic mission. Through structured international partnerships, the university supports student and faculty mobility across multiple higher education systems, enabling academic exchange, professional development, and international cooperation.<\/span>\r\n\r\n<span style=\"font-weight: 400;\">Unicollege participates in the <\/span><b>Erasmus+ network<\/b><span style=\"font-weight: 400;\">, cooperating with partner universities across <\/span><b>Europe, the Americas, Asia, Africa, and Australia<\/b><span style=\"font-weight: 400;\">. Through Erasmus mobility, students may pursue <\/span><b>study or internship periods abroad<\/b><span style=\"font-weight: 400;\">, supported by European funding schemes where applicable. Faculty mobility is also supported through teaching and training exchanges with partner institutions.<\/span>\r\n\r\nPartner institutions include, among others:","lanci":null}],"background":"BIANCO","togli_margine_sotto":["Si"]},{"acf_fc_layout":"testo","titolo_sezione":"","blocco_testo":[{"immagine":"","titolo":"","testo":"<h3><b>Argentina<\/b><\/h3>\r\n<ul>\r\n \t<li style=\"font-weight: 400;\" aria-level=\"1\"><span style=\"font-weight: 400;\">Universidad Austral (Buenos Aires)<\/span><\/li>\r\n \t<li style=\"font-weight: 400;\" aria-level=\"1\"><span style=\"font-weight: 400;\">Universidad del CEMA (Buenos Aires)<\/span><\/li>\r\n<\/ul>\r\n<h3><b>Austria<\/b><\/h3>\r\n<ul>\r\n \t<li style=\"font-weight: 400;\" aria-level=\"1\"><span style=\"font-weight: 400;\">University of Applied Sciences Upper Austria (Steyr)<\/span><\/li>\r\n<\/ul>\r\n<h3><b>Belgium<\/b><\/h3>\r\n<ul>\r\n \t<li style=\"font-weight: 400;\" aria-level=\"1\"><span style=\"font-weight: 400;\">HELMo Haute \u00c9cole Libre Mosane (Li\u00e8ge)<\/span><\/li>\r\n<\/ul>\r\n<h3><b>Brazil<\/b><\/h3>\r\n<ul>\r\n \t<li style=\"font-weight: 400;\" aria-level=\"1\"><span style=\"font-weight: 400;\">Universidade Paulista \u2013 UNIP (S\u00e3o Paulo)<\/span><\/li>\r\n<\/ul>\r\n<h3><b>Cyprus<\/b><\/h3>\r\n<ul>\r\n \t<li style=\"font-weight: 400;\" aria-level=\"1\"><span style=\"font-weight: 400;\">Cyprus Business School (Nicosia \/ Limassol)<\/span><\/li>\r\n<\/ul>\r\n<h3><b>Denmark<\/b><\/h3>\r\n<ul>\r\n \t<li style=\"font-weight: 400;\" aria-level=\"1\"><span style=\"font-weight: 400;\">Zealand Institute of Business and Technology (K\u00f8ge)<\/span><\/li>\r\n<\/ul>\r\n<h3><b>France<\/b><\/h3>\r\n<ul>\r\n \t<li style=\"font-weight: 400;\" aria-level=\"1\"><span style=\"font-weight: 400;\">Universit\u00e9 Catholique de Lyon<\/span><\/li>\r\n \t<li style=\"font-weight: 400;\" aria-level=\"1\"><span style=\"font-weight: 400;\">Universit\u00e9 Paris 8<\/span><\/li>\r\n \t<li style=\"font-weight: 400;\" aria-level=\"1\"><span style=\"font-weight: 400;\">ICD Business School (Paris \/ Toulouse)<\/span><\/li>\r\n<\/ul>\r\n<h3><b>Germany<\/b><\/h3>\r\n<ul>\r\n \t<li style=\"font-weight: 400;\" aria-level=\"1\"><span style=\"font-weight: 400;\">Northern Business School (Hamburg)<\/span><\/li>\r\n \t<li style=\"font-weight: 400;\" aria-level=\"1\"><span style=\"font-weight: 400;\">Hochschule RheinMain (Frankfurt \/ Wiesbaden)<\/span><\/li>\r\n \t<li style=\"font-weight: 400;\" aria-level=\"1\"><span style=\"font-weight: 400;\">University of Hildesheim<\/span><\/li>\r\n \t<li style=\"font-weight: 400;\" aria-level=\"1\"><span style=\"font-weight: 400;\">Catholic University of Applied Sciences Mainz<\/span><\/li>\r\n \t<li style=\"font-weight: 400;\" aria-level=\"1\"><span style=\"font-weight: 400;\">SDI M\u00fcnchen \u2013 University of Applied Sciences (Munich)<\/span><\/li>\r\n<\/ul>\r\n<h3><b>Georgia<\/b><\/h3>\r\n<ul>\r\n \t<li style=\"font-weight: 400;\" aria-level=\"1\"><span style=\"font-weight: 400;\">Tbilisi State University<\/span><\/li>\r\n<\/ul>","lanci":null},{"immagine":"","titolo":"","testo":"<h3><b>Kosovo<\/b><\/h3>\r\n<ul>\r\n \t<li style=\"font-weight: 400;\" aria-level=\"1\"><span style=\"font-weight: 400;\">Universum International College (Pristina)<\/span><\/li>\r\n<\/ul>\r\n<h3><b>Latvia<\/b><\/h3>\r\n<ul>\r\n \t<li style=\"font-weight: 400;\" aria-level=\"1\"><span style=\"font-weight: 400;\">Daugavpils University<\/span><\/li>\r\n \t<li style=\"font-weight: 400;\" aria-level=\"1\"><span style=\"font-weight: 400;\">Liep\u0101ja University<\/span><\/li>\r\n \t<li style=\"font-weight: 400;\" aria-level=\"1\"><span style=\"font-weight: 400;\">Latvian Academy of Culture (Riga)<\/span><\/li>\r\n \t<li style=\"font-weight: 400;\" aria-level=\"1\"><span style=\"font-weight: 400;\">Baltic International Academy (Riga)<\/span><\/li>\r\n \t<li style=\"font-weight: 400;\" aria-level=\"1\"><span style=\"font-weight: 400;\">Ventspils University of Applied Sciences<\/span><\/li>\r\n<\/ul>\r\n<h3><b>Netherlands<\/b><\/h3>\r\n<ul>\r\n \t<li style=\"font-weight: 400;\" aria-level=\"1\"><span style=\"font-weight: 400;\">HZ University of Applied Sciences (Vlissingen)<\/span><\/li>\r\n<\/ul>\r\n<h3><b>Norway<\/b><\/h3>\r\n<ul>\r\n \t<li style=\"font-weight: 400;\" aria-level=\"1\"><span style=\"font-weight: 400;\">Volda University College<\/span><\/li>\r\n<\/ul>\r\n<h3><b>Poland<\/b><\/h3>\r\n<ul>\r\n \t<li style=\"font-weight: 400;\" aria-level=\"1\"><span style=\"font-weight: 400;\">Ignatianum University in Krak\u00f3w (Krak\u00f3w)<\/span><\/li>\r\n<\/ul>\r\n<h3><b>Portugal<\/b><\/h3>\r\n<ul>\r\n \t<li style=\"font-weight: 400;\" aria-level=\"1\"><span style=\"font-weight: 400;\">Universidade da Beira Interior (Covilh\u00e3)<\/span><\/li>\r\n \t<li style=\"font-weight: 400;\" aria-level=\"1\"><span style=\"font-weight: 400;\">Polytechnic Institute of Porto<\/span><\/li>\r\n<\/ul>\r\n<h3><b>Romania<\/b><\/h3>\r\n<ul>\r\n \t<li style=\"font-weight: 400;\" aria-level=\"1\"><span style=\"font-weight: 400;\">Politehnica University of Timi\u0219oara<\/span><\/li>\r\n \t<li style=\"font-weight: 400;\" aria-level=\"1\"><span style=\"font-weight: 400;\">University of Oradea<\/span><\/li>\r\n \t<li style=\"font-weight: 400;\" aria-level=\"1\"><span style=\"font-weight: 400;\">Aurel Vlaicu University of Arad<\/span><\/li>\r\n<\/ul>\r\n<h3><b>Slovakia<\/b><\/h3>\r\n<ul>\r\n \t<li style=\"font-weight: 400;\" aria-level=\"1\"><span style=\"font-weight: 400;\">Pavol Jozef \u0160af\u00e1rik University (Ko\u0161ice)<\/span><\/li>\r\n<\/ul>\r\n<h3><b>Slovenia<\/b><\/h3>\r\n<ul>\r\n \t<li style=\"font-weight: 400;\" aria-level=\"1\"><span style=\"font-weight: 400;\">University of Ljubljana (Ljubljana)<\/span><\/li>\r\n<\/ul>\r\n<h3><b>Spain<\/b><\/h3>\r\n<ul>\r\n \t<li style=\"font-weight: 400;\" aria-level=\"1\"><span style=\"font-weight: 400;\">Universidad de C\u00f3rdoba<\/span><\/li>\r\n \t<li style=\"font-weight: 400;\" aria-level=\"1\"><span style=\"font-weight: 400;\">Universidade da Coru\u00f1a<\/span><\/li>\r\n \t<li style=\"font-weight: 400;\" aria-level=\"1\"><span style=\"font-weight: 400;\">Universidad de La Rioja (online)<\/span><\/li>\r\n \t<li style=\"font-weight: 400;\" aria-level=\"1\"><span style=\"font-weight: 400;\">Universidad Rey Juan Carlos (Madrid)<\/span><\/li>\r\n \t<li style=\"font-weight: 400;\" aria-level=\"1\"><span style=\"font-weight: 400;\">Universidad de M\u00e1laga<\/span><\/li>\r\n \t<li style=\"font-weight: 400;\" aria-level=\"1\"><span style=\"font-weight: 400;\">Universidad Cat\u00f3lica de Murcia<\/span><\/li>\r\n \t<li style=\"font-weight: 400;\" aria-level=\"1\"><span style=\"font-weight: 400;\">Universidad Europea del Atl\u00e1ntico (Santander)<\/span><\/li>\r\n \t<li style=\"font-weight: 400;\" aria-level=\"1\"><span style=\"font-weight: 400;\">Universidad de Valladolid<\/span><\/li>\r\n<\/ul>\r\n<h3><b>Taiwan<\/b><\/h3>\r\n<ul>\r\n \t<li style=\"font-weight: 400;\" aria-level=\"1\"><span style=\"font-weight: 400;\">University of Taipei<\/span><\/li>\r\n<\/ul>\r\n<h3><b>Turkey<\/b><\/h3>\r\n<ul>\r\n \t<li style=\"font-weight: 400;\" aria-level=\"1\"><span style=\"font-weight: 400;\">\u00c7ag University (Adana)<\/span><\/li>\r\n \t<li style=\"font-weight: 400;\" aria-level=\"1\"><span style=\"font-weight: 400;\">Ankara Medipol University (Ankara)<\/span><\/li>\r\n \t<li style=\"font-weight: 400;\" aria-level=\"1\"><span style=\"font-weight: 400;\">Istanbul Medipol University (Istanbul)<\/span><\/li>\r\n \t<li style=\"font-weight: 400;\" aria-level=\"1\"><span style=\"font-weight: 400;\">Istanbul Rumeli University (Istanbul)<\/span><\/li>\r\n<\/ul>\r\n<h3><b>United Kingdom<\/b><\/h3>\r\n<ul>\r\n \t<li style=\"font-weight: 400;\" aria-level=\"1\"><span style=\"font-weight: 400;\">University of Lancashire (Preston)<\/span><\/li>\r\n<\/ul>\r\n<h3><b>Malta <\/b><b><i>(Faculty mobility only)<\/i><\/b><\/h3>\r\n<ul>\r\n \t<li style=\"font-weight: 400;\" aria-level=\"1\"><span style=\"font-weight: 400;\">University of Malta (Msida)<\/span><\/li>\r\n<\/ul>\r\n<h3><b>South Africa<\/b><\/h3>\r\n<ul>\r\n \t<li style=\"font-weight: 400;\" aria-level=\"1\"><span style=\"font-weight: 400;\">University of the Witwatersrand (WITS), Johannesburg<\/span><\/li>\r\n<\/ul>","lanci":null}],"background":"BIANCO","togli_margine_sotto":""}]},{"titolo":"Study Abroad and International Programs","blocchi_blocchi":[{"acf_fc_layout":"testo","titolo_sezione":"","blocco_testo":[{"immagine":"","titolo":"","testo":"<span style=\"font-weight: 400;\">Beyond Erasmus mobility, Unicollege develops a wide range of <\/span><b>international academic programs<\/b><span style=\"font-weight: 400;\"> in cooperation with <\/span><b>more than 40 universities in the United States and Canada<\/b><span style=\"font-weight: 400;\">, as well as partner institutions within international American university networks in regions such as <\/span><b>Lebanon and Morocco<\/b><span style=\"font-weight: 400;\">.<\/span>\r\n\r\n<span style=\"font-weight: 400;\">These programs include:<\/span>\r\n<ul>\r\n \t<li style=\"font-weight: 400;\" aria-level=\"1\"><span style=\"font-weight: 400;\">Pre-college programs<\/span><\/li>\r\n \t<li style=\"font-weight: 400;\" aria-level=\"1\"><span style=\"font-weight: 400;\">Semester and year-long study abroad<\/span><\/li>\r\n \t<li style=\"font-weight: 400;\" aria-level=\"1\"><span style=\"font-weight: 400;\">Internship and professional placement programs<\/span><\/li>\r\n \t<li style=\"font-weight: 400;\" aria-level=\"1\"><span style=\"font-weight: 400;\">Academic rotations<\/span><\/li>\r\n \t<li style=\"font-weight: 400;\" aria-level=\"1\"><span style=\"font-weight: 400;\">Faculty-led programs<\/span><\/li>\r\n<\/ul>","lanci":null}],"background":"BIANCO","togli_margine_sotto":["Si"]},{"acf_fc_layout":"testo","titolo_sezione":"","blocco_testo":[{"immagine":"","titolo":"","testo":"<span style=\"font-weight: 400;\">Partner institutions include, among others:\u00a0<\/span>\r\n\r\n&nbsp;\r\n\r\n<span style=\"font-weight: 400;\">San Francisco State University<\/span>\r\n\r\n<span style=\"font-weight: 400;\">University of Virginia\u2019s College at Wise<\/span>\r\n\r\n<span style=\"font-weight: 400;\">University of Manitoba (Canada)<\/span>\r\n\r\n<span style=\"font-weight: 400;\">Western University (Canada)<\/span>\r\n\r\n<span style=\"font-weight: 400;\">California State University Monterey Bay<\/span>\r\n\r\n<span style=\"font-weight: 400;\">Hampton University<\/span>\r\n\r\n<span style=\"font-weight: 400;\">Lebanese American University (Lebanon)<\/span>\r\n\r\n<span style=\"font-weight: 400;\">Al Akhawayn University in Ifrane (Morocco)<\/span>\r\n\r\n<span style=\"font-weight: 400;\">Angelo State University<\/span>\r\n\r\n<span style=\"font-weight: 400;\">Bay Atlantic University<\/span>\r\n\r\n<span style=\"font-weight: 400;\">Bellevue University<\/span>\r\n\r\n<span style=\"font-weight: 400;\">Coe College<\/span>\r\n\r\n<span style=\"font-weight: 400;\">East Stroudsburg University<\/span>\r\n\r\n<span style=\"font-weight: 400;\">Elmira College<\/span>\r\n\r\n<span style=\"font-weight: 400;\">Emporia State University<\/span>\r\n\r\n<span style=\"font-weight: 400;\">Jessup University<\/span>\r\n\r\n<span style=\"font-weight: 400;\">Lamar University<\/span>\r\n\r\n<span style=\"font-weight: 400;\">Lawrence Technological University<\/span>\r\n\r\n<span style=\"font-weight: 400;\">Leeward Community College<\/span>\r\n\r\n<span style=\"font-weight: 400;\">Lorain County Community College<\/span>\r\n\r\n<span style=\"font-weight: 400;\">Mars Hill University<\/span>","lanci":null},{"immagine":"","titolo":"","testo":"<span style=\"font-weight: 400;\">Mercy University<\/span>\r\n\r\n<span style=\"font-weight: 400;\">Montclair State University<\/span>\r\n\r\n<span style=\"font-weight: 400;\">Moravian University<\/span>\r\n\r\n<span style=\"font-weight: 400;\">Northwest University<\/span>\r\n\r\n<span style=\"font-weight: 400;\">Regis University<\/span>\r\n\r\n<span style=\"font-weight: 400;\">Shepherd University<\/span>\r\n\r\n<span style=\"font-weight: 400;\">Snow College<\/span>\r\n\r\n<span style=\"font-weight: 400;\">Southeast Community College<\/span>\r\n\r\n<span style=\"font-weight: 400;\">Southern Utah University<\/span>\r\n\r\n<span style=\"font-weight: 400;\">Troy University<\/span>\r\n\r\n<span style=\"font-weight: 400;\">Universidade Paulista<\/span>\r\n\r\n<span style=\"font-weight: 400;\">University of Findlay<\/span>\r\n\r\n<span style=\"font-weight: 400;\">University of Lancaster<\/span>\r\n\r\n<span style=\"font-weight: 400;\">University of North Florida<\/span>\r\n\r\n<span style=\"font-weight: 400;\">University of the Incarnate Word (including Mexico City)<\/span>\r\n\r\n<span style=\"font-weight: 400;\">University of the Ozarks<\/span>\r\n\r\n<span style=\"font-weight: 400;\">University of West Florida<\/span>\r\n\r\n<span style=\"font-weight: 400;\">Western Carolina University<\/span>\r\n\r\n<span style=\"font-weight: 400;\">Wilberforce University<\/span>\r\n\r\n<span style=\"font-weight: 400;\">University of South Alabama<\/span>","lanci":null}],"background":"BIANCO","togli_margine_sotto":["Si"]}]},{"titolo":"Double Degree Pathways","blocchi_blocchi":[{"acf_fc_layout":"testo","titolo_sezione":"","blocco_testo":[{"immagine":"","titolo":"","testo":"<span style=\"font-weight: 400;\">Unicollege offers <\/span><b>double degree programs<\/b><span style=\"font-weight: 400;\"> developed in cooperation with selected international partner universities. These pathways allow students to complete integrated academic programs leading to the award of degrees recognized in more than one national higher education system.<\/span>\r\n\r\n<span style=\"font-weight: 400;\">Current double degree partnerships include:<\/span>\r\n<ul>\r\n \t<li style=\"font-weight: 400;\" aria-level=\"1\"><span style=\"font-weight: 400;\">Unicollege and the University of Portsmouth (United Kingdom)<\/span><\/li>\r\n \t<li style=\"font-weight: 400;\" aria-level=\"1\"><span style=\"font-weight: 400;\">Unicollege and Beijing Language and Culture University (China)<\/span><\/li>\r\n \t<li style=\"font-weight: 400;\" aria-level=\"1\"><span style=\"font-weight: 400;\">Unicollege and Politecnico do Porto (Portugal)<\/span><\/li>\r\n \t<li style=\"font-weight: 400;\" aria-level=\"1\"><span style=\"font-weight: 400;\">Unicollege and Universidad Europea del Atl\u00e1ntico (Spain)<\/span><\/li>\r\n \t<li style=\"font-weight: 400;\" aria-level=\"1\"><span style=\"font-weight: 400;\">Unicollege and Universidad Cat\u00f3lica de Murcia (Spain)<\/span><\/li>\r\n<\/ul>","lanci":null}],"background":"BIANCO","togli_margine_sotto":["Si"]}]},{"titolo":"A Connected Global Network","blocchi_blocchi":[{"acf_fc_layout":"testo","titolo_sezione":"","blocco_testo":[{"immagine":"","titolo":"","testo":"<span style=\"font-weight: 400;\">Through its Erasmus participation, North American partnerships, double degree pathways, and international collaborations, Unicollege operates within a <\/span><b>stable and interconnected global academic network<\/b><span style=\"font-weight: 400;\">. These structures support mobility, academic recognition, and sustained cooperation, enabling students and faculty to engage meaningfully with higher education systems across regions and disciplines.<\/span>","lanci":null}],"background":"BIANCO","togli_margine_sotto":""}]}]}]},"_links":{"self":[{"href":"https:\/\/international.unicollegessml.it\/en\/wp-json\/wp\/v2\/pages\/11472","targetHints":{"allow":["GET"]}}],"collection":[{"href":"https:\/\/international.unicollegessml.it\/en\/wp-json\/wp\/v2\/pages"}],"about":[{"href":"https:\/\/international.unicollegessml.it\/en\/wp-json\/wp\/v2\/types\/page"}],"author":[{"embeddable":true,"href":"https:\/\/international.unicollegessml.it\/en\/wp-json\/wp\/v2\/users\/2"}],"replies":[{"embeddable":true,"href":"https:\/\/international.unicollegessml.it\/en\/wp-json\/wp\/v2\/comments?post=11472"}],"version-history":[{"count":8,"href":"https:\/\/international.unicollegessml.it\/en\/wp-json\/wp\/v2\/pages\/11472\/revisions"}],"predecessor-version":[{"id":20037,"href":"https:\/\/international.unicollegessml.it\/en\/wp-json\/wp\/v2\/pages\/11472\/revisions\/20037"}],"wp:attachment":[{"href":"https:\/\/international.unicollegessml.it\/en\/wp-json\/wp\/v2\/media?parent=11472"}],"curies":[{"name":"wp","href":"https:\/\/api.w.org\/{rel}","templated":true}]}}